{"id":3315,"date":"2021-12-13T22:35:43","date_gmt":"2021-12-13T22:35:43","guid":{"rendered":"https:\/\/roux.qodeinteractive.com\/?page_id=3315"},"modified":"2021-12-13T22:35:43","modified_gmt":"2021-12-13T22:35:43","slug":"blog-no-sidebar","status":"publish","type":"page","link":"https:\/\/gaula.mx\/en\/blog-no\/blog-no-sidebar\/","title":{"rendered":"Blog No Sidebar"},"content":{"rendered":"<div data-elementor-type=\"wp-page\" data-elementor-id=\"3315\" class=\"elementor elementor-3315\">\n\t\t\t\t\t\t<section class=\"elementor-section elementor-top-section elementor-element elementor-element-dbfa6ea elementor-section-full_width elementor-section-height-default elementor-section-height-default qodef-elementor-content-no\" data-id=\"dbfa6ea\" data-element_type=\"section\" data-e-type=\"section\">\n\t\t\t\t\t\t<div class=\"elementor-container elementor-column-gap-default\">\n\t\t\t\t\t<div class=\"elementor-column elementor-col-100 elementor-top-column elementor-element elementor-element-3d79d2b\" data-id=\"3d79d2b\" data-element_type=\"column\" data-e-type=\"column\">\n\t\t\t<div class=\"elementor-widget-wrap elementor-element-populated\">\n\t\t\t\t\t\t<div class=\"elementor-element elementor-element-6179590 elementor-widget elementor-widget-roux_core_blog_list\" data-id=\"6179590\" data-element_type=\"widget\" data-e-type=\"widget\" data-widget_type=\"roux_core_blog_list.default\">\n\t\t\t\t<div class=\"elementor-widget-container\">\n\t\t\t\t\t<div class=\"qodef-shortcode qodef-m qodef-blog qodef--list qodef-item-layout--standard qodef-items-outline--no qodef-grid qodef-layout--columns qodef-gutter--big qodef-col-num--1 qodef-item-layout--standard qodef-pagination--on qodef-pagination-type--standard qodef-responsive--predefined qodef-swiper-pagination--on\" data-options=\"{&quot;plugin&quot;:&quot;roux_core&quot;,&quot;module&quot;:&quot;blog\\\/shortcodes&quot;,&quot;shortcode&quot;:&quot;blog-list&quot;,&quot;post_type&quot;:&quot;post&quot;,&quot;next_page&quot;:&quot;2&quot;,&quot;max_pages_num&quot;:2,&quot;behavior&quot;:&quot;columns&quot;,&quot;images_proportion&quot;:&quot;full&quot;,&quot;columns&quot;:&quot;1&quot;,&quot;columns_responsive&quot;:&quot;predefined&quot;,&quot;columns_1440&quot;:&quot;3&quot;,&quot;columns_1366&quot;:&quot;3&quot;,&quot;columns_1024&quot;:&quot;3&quot;,&quot;columns_768&quot;:&quot;3&quot;,&quot;columns_680&quot;:&quot;3&quot;,&quot;columns_480&quot;:&quot;3&quot;,&quot;space&quot;:&quot;big&quot;,&quot;posts_per_page&quot;:&quot;5&quot;,&quot;orderby&quot;:&quot;date&quot;,&quot;order&quot;:&quot;ASC&quot;,&quot;layout&quot;:&quot;standard&quot;,&quot;title_tag&quot;:&quot;h2&quot;,&quot;items_outline&quot;:&quot;no&quot;,&quot;pagination_type&quot;:&quot;standard&quot;,&quot;object_class_name&quot;:&quot;RouxCore_Blog_List_Shortcode&quot;,&quot;taxonomy_filter&quot;:&quot;category&quot;,&quot;number_of_columns&quot;:&quot;1&quot;,&quot;additional_query_args&quot;:[],&quot;space_value&quot;:31}\">\n\t\t<div class=\"qodef-grid-inner clear\">\n\t\t<article class=\"qodef-e qodef-blog-item qodef-grid-item qodef-item--full post-8895 post type-post status-publish format-standard has-post-thumbnail hentry category-arquitectos\">\n\t<div class=\"qodef-e-inner\">\n\t\t<div class=\"qodef-e-media\">\n\t\t<div class=\"qodef-e-media-image\">\n\t\t<a itemprop=\"url\" href=\"https:\/\/gaula.mx\/en\/arquitectos\/zaha-hadid-pionera-arquitectura-moderna\/\">\n\t\t\t<img fetchpriority=\"high\" decoding=\"async\" width=\"948\" height=\"957\" src=\"https:\/\/gaula.mx\/wp-content\/uploads\/2023\/05\/Zaha-Hadid-portada.jpg\" class=\"attachment-full size-full wp-post-image\" alt=\"\" srcset=\"https:\/\/gaula.mx\/wp-content\/uploads\/2023\/05\/Zaha-Hadid-portada.jpg 948w, https:\/\/gaula.mx\/wp-content\/uploads\/2023\/05\/Zaha-Hadid-portada-297x300.jpg 297w, https:\/\/gaula.mx\/wp-content\/uploads\/2023\/05\/Zaha-Hadid-portada-150x150.jpg 150w, https:\/\/gaula.mx\/wp-content\/uploads\/2023\/05\/Zaha-Hadid-portada-768x775.jpg 768w, https:\/\/gaula.mx\/wp-content\/uploads\/2023\/05\/Zaha-Hadid-portada-12x12.jpg 12w\" sizes=\"(max-width: 948px) 100vw, 948px\" \/>\t\t<\/a>\n\t<\/div>\n<\/div>\n\t\t<div class=\"qodef-e-content\">\n\t\t\t<div class=\"qodef-e-top-holder\">\n\t\t\t\t<div class=\"qodef-e-info\">\n\t\t\t\t\t<span class=\"qodef-info-prefix\">In<\/span> <a href=\"https:\/\/gaula.mx\/en\/category\/arquitectos\/\" rel=\"tag\">Arquitectos<\/a><div class=\"qodef-info-separator-end\"><\/div>\n<a title=\"Title Text: \" itemprop=\"dateCreated\" href=\"https:\/\/gaula.mx\/en\/2023\/05\/\" class=\"entry-date\">\n\t04\/05\/2023<\/a><div class=\"qodef-info-separator-end\"><\/div>\n\t\t\t\t<\/div>\n\t\t\t<\/div>\n\t\t\t<div class=\"qodef-e-text\">\n\t\t\t\t<h2 itemprop=\"name\" class=\"qodef-e-title entry-title\" >\n\t<a itemprop=\"url\" class=\"qodef-e-title-link\" href=\"https:\/\/gaula.mx\/en\/arquitectos\/zaha-hadid-pionera-arquitectura-moderna\/\">\n\t\tZaha Hadid: Pionera de la Arquitectura Moderna\t<\/a>\n<\/h2>\n\t\t<p itemprop=\"description\" class=\"qodef-e-excerpt\">Si queremos hablar de arquitectura moderna, es indispensable abordar a Zaha Hadid. La arquitecta present\u00f3 nuevas ideas estructurales, utiliz\u00f3 materiales modernos \u2014como el metal y el concreto\u2014 y recalc\u00f3 en todos sus dise\u00f1os la relaci\u00f3n entre el arte, la arquitectura y la ciencia, exponiendo s<\/p>\n\t\t\t\t\t<\/div>\n\t\t\t<div class=\"qodef-e-bottom-holder\">\n\t\t\t\t<div class=\"qodef-e-left\">\n\t\t\t\t\t\t<div class=\"qodef-e-read-more\">\n\t\t<a class=\"qodef-shortcode qodef-m qodef-button qodef-layout--textual-large qodef-html--link\" href=\"https:\/\/gaula.mx\/en\/arquitectos\/zaha-hadid-pionera-arquitectura-moderna\/\" target=\"_self\">\t<span class=\"qodef-m-text\">Read More\t<\/span>\t<span class=\"qodef-m-button-icon\"><svg class=\"qodef-svg--huge-button\" xmlns=\"http:\/\/www.w3.org\/2000\/svg\"     xmlns:xlink=\"http:\/\/www.w3.org\/1999\/xlink\" x=\"0px\" y=\"0px\" viewbox=\"0 0 78 78\"     style=\"enable-background:new 0 0 78 78;\" xml:space=\"preserve\"><circle cx=\"39\" cy=\"39\" r=\"32.5\"\/><line x1=\"39\" y1=\"43\" x2=\"49\" y2=\"33\"\/><polyline points=\"43.5,32.5 49.5,32.5 49.5,38.5 \"\/><\/svg><\/span><\/a>\t<\/div>\n\t\t\t\t<\/div>\n\t\t\t<\/div>\n\t\t<\/div>\n\t<\/div>\n<\/article>\n<article class=\"qodef-e qodef-blog-item qodef-grid-item qodef-item--full post-8940 post type-post status-publish format-standard has-post-thumbnail hentry category-arquitectos\">\n\t<div class=\"qodef-e-inner\">\n\t\t<div class=\"qodef-e-media\">\n\t\t<div class=\"qodef-e-media-image\">\n\t\t<a itemprop=\"url\" href=\"https:\/\/gaula.mx\/en\/arquitectos\/ettore-sottsas-icono-diseno-italiano\/\">\n\t\t\t<img decoding=\"async\" width=\"948\" height=\"957\" data-src=\"https:\/\/gaula.mx\/wp-content\/uploads\/2023\/05\/Ettore-Sottsass.jpg\" class=\"attachment-full size-full wp-post-image lazyload\" alt=\"Ettore Sottsass\" data-srcset=\"https:\/\/gaula.mx\/wp-content\/uploads\/2023\/05\/Ettore-Sottsass.jpg 948w, https:\/\/gaula.mx\/wp-content\/uploads\/2023\/05\/Ettore-Sottsass-297x300.jpg 297w, https:\/\/gaula.mx\/wp-content\/uploads\/2023\/05\/Ettore-Sottsass-150x150.jpg 150w, https:\/\/gaula.mx\/wp-content\/uploads\/2023\/05\/Ettore-Sottsass-768x775.jpg 768w, https:\/\/gaula.mx\/wp-content\/uploads\/2023\/05\/Ettore-Sottsass-12x12.jpg 12w\" data-sizes=\"(max-width: 948px) 100vw, 948px\" src=\"data:image\/svg+xml;base64,PHN2ZyB3aWR0aD0iMSIgaGVpZ2h0PSIxIiB4bWxucz0iaHR0cDovL3d3dy53My5vcmcvMjAwMC9zdmciPjwvc3ZnPg==\" style=\"--smush-placeholder-width: 948px; --smush-placeholder-aspect-ratio: 948\/957;\" \/>\t\t<\/a>\n\t<\/div>\n<\/div>\n\t\t<div class=\"qodef-e-content\">\n\t\t\t<div class=\"qodef-e-top-holder\">\n\t\t\t\t<div class=\"qodef-e-info\">\n\t\t\t\t\t<span class=\"qodef-info-prefix\">In<\/span> <a href=\"https:\/\/gaula.mx\/en\/category\/arquitectos\/\" rel=\"tag\">Arquitectos<\/a><div class=\"qodef-info-separator-end\"><\/div>\n<a title=\"Title Text: \" itemprop=\"dateCreated\" href=\"https:\/\/gaula.mx\/en\/2023\/05\/\" class=\"entry-date\">\n\t19\/05\/2023<\/a><div class=\"qodef-info-separator-end\"><\/div>\n\t\t\t\t<\/div>\n\t\t\t<\/div>\n\t\t\t<div class=\"qodef-e-text\">\n\t\t\t\t<h2 itemprop=\"name\" class=\"qodef-e-title entry-title\" >\n\t<a itemprop=\"url\" class=\"qodef-e-title-link\" href=\"https:\/\/gaula.mx\/en\/arquitectos\/ettore-sottsas-icono-diseno-italiano\/\">\n\t\tEttore Sottsass: El icono del dise\u00f1o italiano\u00a0\t<\/a>\n<\/h2>\n\t\t<p itemprop=\"description\" class=\"qodef-e-excerpt\">Con sus ideas innovadoras, y fuera de lo convencional para la \u00e9poca, Ettore Sottsass se convirti\u00f3 en un icono del dise\u00f1o italiano. Siempre formar\u00e1 parte de la historia como uno de los principales impulsores del dise\u00f1o italiano, \u00bfpero sabes por qu\u00e9?&nbsp; Sottsass fue el encargado de sentar las<\/p>\n\t\t\t\t\t<\/div>\n\t\t\t<div class=\"qodef-e-bottom-holder\">\n\t\t\t\t<div class=\"qodef-e-left\">\n\t\t\t\t\t\t<div class=\"qodef-e-read-more\">\n\t\t<a class=\"qodef-shortcode qodef-m qodef-button qodef-layout--textual-large qodef-html--link\" href=\"https:\/\/gaula.mx\/en\/arquitectos\/ettore-sottsas-icono-diseno-italiano\/\" target=\"_self\">\t<span class=\"qodef-m-text\">Read More\t<\/span>\t<span class=\"qodef-m-button-icon\"><svg class=\"qodef-svg--huge-button\" xmlns=\"http:\/\/www.w3.org\/2000\/svg\"     xmlns:xlink=\"http:\/\/www.w3.org\/1999\/xlink\" x=\"0px\" y=\"0px\" viewbox=\"0 0 78 78\"     style=\"enable-background:new 0 0 78 78;\" xml:space=\"preserve\"><circle cx=\"39\" cy=\"39\" r=\"32.5\"\/><line x1=\"39\" y1=\"43\" x2=\"49\" y2=\"33\"\/><polyline points=\"43.5,32.5 49.5,32.5 49.5,38.5 \"\/><\/svg><\/span><\/a>\t<\/div>\n\t\t\t\t<\/div>\n\t\t\t<\/div>\n\t\t<\/div>\n\t<\/div>\n<\/article>\n<article class=\"qodef-e qodef-blog-item qodef-grid-item qodef-item--full post-8973 post type-post status-publish format-standard has-post-thumbnail hentry category-diseno tag-circulo-cromatico tag-color-en-el-diseno tag-combinaciones-cromaticas\">\n\t<div class=\"qodef-e-inner\">\n\t\t<div class=\"qodef-e-media\">\n\t\t<div class=\"qodef-e-media-image\">\n\t\t<a itemprop=\"url\" href=\"https:\/\/gaula.mx\/en\/diseno\/combinaciones-color-en-los-disenos\/\">\n\t\t\t<img decoding=\"async\" width=\"948\" height=\"957\" data-src=\"https:\/\/gaula.mx\/wp-content\/uploads\/2023\/09\/cromatica-del-color-combinaciones.jpg\" class=\"attachment-full size-full wp-post-image lazyload\" alt=\"portada - crom\u00e1tica del color\" data-srcset=\"https:\/\/gaula.mx\/wp-content\/uploads\/2023\/09\/cromatica-del-color-combinaciones.jpg 948w, https:\/\/gaula.mx\/wp-content\/uploads\/2023\/09\/cromatica-del-color-combinaciones-297x300.jpg 297w, https:\/\/gaula.mx\/wp-content\/uploads\/2023\/09\/cromatica-del-color-combinaciones-150x150.jpg 150w, https:\/\/gaula.mx\/wp-content\/uploads\/2023\/09\/cromatica-del-color-combinaciones-768x775.jpg 768w, https:\/\/gaula.mx\/wp-content\/uploads\/2023\/09\/cromatica-del-color-combinaciones-12x12.jpg 12w\" data-sizes=\"(max-width: 948px) 100vw, 948px\" src=\"data:image\/svg+xml;base64,PHN2ZyB3aWR0aD0iMSIgaGVpZ2h0PSIxIiB4bWxucz0iaHR0cDovL3d3dy53My5vcmcvMjAwMC9zdmciPjwvc3ZnPg==\" style=\"--smush-placeholder-width: 948px; --smush-placeholder-aspect-ratio: 948\/957;\" \/>\t\t<\/a>\n\t<\/div>\n<\/div>\n\t\t<div class=\"qodef-e-content\">\n\t\t\t<div class=\"qodef-e-top-holder\">\n\t\t\t\t<div class=\"qodef-e-info\">\n\t\t\t\t\t<span class=\"qodef-info-prefix\">In<\/span> <a href=\"https:\/\/gaula.mx\/en\/category\/diseno\/\" rel=\"tag\">Dise\u00f1o<\/a><div class=\"qodef-info-separator-end\"><\/div>\n<a title=\"Title Text: \" itemprop=\"dateCreated\" href=\"https:\/\/gaula.mx\/en\/2023\/09\/\" class=\"entry-date\">\n\t05\/09\/2023<\/a><div class=\"qodef-info-separator-end\"><\/div>\n\t\t\t\t<\/div>\n\t\t\t<\/div>\n\t\t\t<div class=\"qodef-e-text\">\n\t\t\t\t<h2 itemprop=\"name\" class=\"qodef-e-title entry-title\" >\n\t<a itemprop=\"url\" class=\"qodef-e-title-link\" href=\"https:\/\/gaula.mx\/en\/diseno\/combinaciones-color-en-los-disenos\/\">\n\t\tC\u00edrculo crom\u00e1tico: \u00bfC\u00f3mo aplicar el color en nuestros dise\u00f1os?\t<\/a>\n<\/h2>\n\t\t<p itemprop=\"description\" class=\"qodef-e-excerpt\">\u00bfTienes miedo a usar el color en tus dise\u00f1os por miedo a que no quede como esperas? \u00bfO dificultad para usar el color en tus dise\u00f1os? Saber expresar los colores en un espacio es algo que todo dise\u00f1ador deber\u00eda saber y como tales es nuestra tarea entenderlos para lograr espacios arm\u00f3nicos con co<\/p>\n\t\t\t\t\t<\/div>\n\t\t\t<div class=\"qodef-e-bottom-holder\">\n\t\t\t\t<div class=\"qodef-e-left\">\n\t\t\t\t\t\t<div class=\"qodef-e-read-more\">\n\t\t<a class=\"qodef-shortcode qodef-m qodef-button qodef-layout--textual-large qodef-html--link\" href=\"https:\/\/gaula.mx\/en\/diseno\/combinaciones-color-en-los-disenos\/\" target=\"_self\">\t<span class=\"qodef-m-text\">Read More\t<\/span>\t<span class=\"qodef-m-button-icon\"><svg class=\"qodef-svg--huge-button\" xmlns=\"http:\/\/www.w3.org\/2000\/svg\"     xmlns:xlink=\"http:\/\/www.w3.org\/1999\/xlink\" x=\"0px\" y=\"0px\" viewbox=\"0 0 78 78\"     style=\"enable-background:new 0 0 78 78;\" xml:space=\"preserve\"><circle cx=\"39\" cy=\"39\" r=\"32.5\"\/><line x1=\"39\" y1=\"43\" x2=\"49\" y2=\"33\"\/><polyline points=\"43.5,32.5 49.5,32.5 49.5,38.5 \"\/><\/svg><\/span><\/a>\t<\/div>\n\t\t\t\t<\/div>\n\t\t\t<\/div>\n\t\t<\/div>\n\t<\/div>\n<\/article>\n<article class=\"qodef-e qodef-blog-item qodef-grid-item qodef-item--full post-9014 post type-post status-publish format-standard has-post-thumbnail hentry category-diseno\">\n\t<div class=\"qodef-e-inner\">\n\t\t<div class=\"qodef-e-media\">\n\t\t<div class=\"qodef-e-media-image\">\n\t\t<a itemprop=\"url\" href=\"https:\/\/gaula.mx\/en\/diseno\/3-formas-de-mejorar-tu-espacio-a-partir-del-color\/\">\n\t\t\t<img decoding=\"async\" width=\"948\" height=\"957\" data-src=\"https:\/\/gaula.mx\/wp-content\/uploads\/2023\/09\/Color-formas-de-mejorar-tu-espacio.jpg\" class=\"attachment-full size-full wp-post-image lazyload\" alt=\"color - formas de mejorar tu espacio\" data-srcset=\"https:\/\/gaula.mx\/wp-content\/uploads\/2023\/09\/Color-formas-de-mejorar-tu-espacio.jpg 948w, https:\/\/gaula.mx\/wp-content\/uploads\/2023\/09\/Color-formas-de-mejorar-tu-espacio-297x300.jpg 297w, https:\/\/gaula.mx\/wp-content\/uploads\/2023\/09\/Color-formas-de-mejorar-tu-espacio-150x150.jpg 150w, https:\/\/gaula.mx\/wp-content\/uploads\/2023\/09\/Color-formas-de-mejorar-tu-espacio-768x775.jpg 768w, https:\/\/gaula.mx\/wp-content\/uploads\/2023\/09\/Color-formas-de-mejorar-tu-espacio-12x12.jpg 12w\" data-sizes=\"(max-width: 948px) 100vw, 948px\" src=\"data:image\/svg+xml;base64,PHN2ZyB3aWR0aD0iMSIgaGVpZ2h0PSIxIiB4bWxucz0iaHR0cDovL3d3dy53My5vcmcvMjAwMC9zdmciPjwvc3ZnPg==\" style=\"--smush-placeholder-width: 948px; --smush-placeholder-aspect-ratio: 948\/957;\" \/>\t\t<\/a>\n\t<\/div>\n<\/div>\n\t\t<div class=\"qodef-e-content\">\n\t\t\t<div class=\"qodef-e-top-holder\">\n\t\t\t\t<div class=\"qodef-e-info\">\n\t\t\t\t\t<span class=\"qodef-info-prefix\">In<\/span> <a href=\"https:\/\/gaula.mx\/en\/category\/diseno\/\" rel=\"tag\">Dise\u00f1o<\/a><div class=\"qodef-info-separator-end\"><\/div>\n<a title=\"Title Text: \" itemprop=\"dateCreated\" href=\"https:\/\/gaula.mx\/en\/2023\/09\/\" class=\"entry-date\">\n\t25\/09\/2023<\/a><div class=\"qodef-info-separator-end\"><\/div>\n\t\t\t\t<\/div>\n\t\t\t<\/div>\n\t\t\t<div class=\"qodef-e-text\">\n\t\t\t\t<h2 itemprop=\"name\" class=\"qodef-e-title entry-title\" >\n\t<a itemprop=\"url\" class=\"qodef-e-title-link\" href=\"https:\/\/gaula.mx\/en\/diseno\/3-formas-de-mejorar-tu-espacio-a-partir-del-color\/\">\n\t\t3 Formas de mejorar tu espacio a partir del color\t<\/a>\n<\/h2>\n\t\t<p itemprop=\"description\" class=\"qodef-e-excerpt\">\u00bfAlguna vez has sentido que a una habitaci\u00f3n le hace falta algo? \u00bfQue quiz\u00e1 un espacio dedicado a relajarse tiene demasiado ruido? \u00bfO al contrario? Es posible que la respuesta est\u00e9 en los colores que visten la decoraci\u00f3n. Los colores tienen un impacto psicol\u00f3gico significativo en los seres hu<\/p>\n\t\t\t\t\t<\/div>\n\t\t\t<div class=\"qodef-e-bottom-holder\">\n\t\t\t\t<div class=\"qodef-e-left\">\n\t\t\t\t\t\t<div class=\"qodef-e-read-more\">\n\t\t<a class=\"qodef-shortcode qodef-m qodef-button qodef-layout--textual-large qodef-html--link\" href=\"https:\/\/gaula.mx\/en\/diseno\/3-formas-de-mejorar-tu-espacio-a-partir-del-color\/\" target=\"_self\">\t<span class=\"qodef-m-text\">Read More\t<\/span>\t<span class=\"qodef-m-button-icon\"><svg class=\"qodef-svg--huge-button\" xmlns=\"http:\/\/www.w3.org\/2000\/svg\"     xmlns:xlink=\"http:\/\/www.w3.org\/1999\/xlink\" x=\"0px\" y=\"0px\" viewbox=\"0 0 78 78\"     style=\"enable-background:new 0 0 78 78;\" xml:space=\"preserve\"><circle cx=\"39\" cy=\"39\" r=\"32.5\"\/><line x1=\"39\" y1=\"43\" x2=\"49\" y2=\"33\"\/><polyline points=\"43.5,32.5 49.5,32.5 49.5,38.5 \"\/><\/svg><\/span><\/a>\t<\/div>\n\t\t\t\t<\/div>\n\t\t\t<\/div>\n\t\t<\/div>\n\t<\/div>\n<\/article>\n<article class=\"qodef-e qodef-blog-item qodef-grid-item qodef-item--full post-9088 post type-post status-publish format-standard has-post-thumbnail hentry category-diseno tag-cuarto-de-juegos\">\n\t<div class=\"qodef-e-inner\">\n\t\t<div class=\"qodef-e-media\">\n\t\t<div class=\"qodef-e-media-image\">\n\t\t<a itemprop=\"url\" href=\"https:\/\/gaula.mx\/en\/diseno\/8-pasos-para-disenar-el-cuarto-de-juegos-infantil-ideal\/\">\n\t\t\t<img decoding=\"async\" width=\"1567\" height=\"1567\" data-src=\"https:\/\/gaula.mx\/wp-content\/uploads\/2024\/04\/cuarto-de-juegos.jpg\" class=\"attachment-full size-full wp-post-image lazyload\" alt=\"cuarto de juegos\" data-srcset=\"https:\/\/gaula.mx\/wp-content\/uploads\/2024\/04\/cuarto-de-juegos.jpg 1567w, https:\/\/gaula.mx\/wp-content\/uploads\/2024\/04\/cuarto-de-juegos-300x300.jpg 300w, https:\/\/gaula.mx\/wp-content\/uploads\/2024\/04\/cuarto-de-juegos-1024x1024.jpg 1024w, https:\/\/gaula.mx\/wp-content\/uploads\/2024\/04\/cuarto-de-juegos-150x150.jpg 150w, https:\/\/gaula.mx\/wp-content\/uploads\/2024\/04\/cuarto-de-juegos-768x768.jpg 768w, https:\/\/gaula.mx\/wp-content\/uploads\/2024\/04\/cuarto-de-juegos-1536x1536.jpg 1536w, https:\/\/gaula.mx\/wp-content\/uploads\/2024\/04\/cuarto-de-juegos-12x12.jpg 12w, https:\/\/gaula.mx\/wp-content\/uploads\/2024\/04\/cuarto-de-juegos-650x650.jpg 650w, https:\/\/gaula.mx\/wp-content\/uploads\/2024\/04\/cuarto-de-juegos-1300x1300.jpg 1300w\" data-sizes=\"(max-width: 1567px) 100vw, 1567px\" src=\"data:image\/svg+xml;base64,PHN2ZyB3aWR0aD0iMSIgaGVpZ2h0PSIxIiB4bWxucz0iaHR0cDovL3d3dy53My5vcmcvMjAwMC9zdmciPjwvc3ZnPg==\" style=\"--smush-placeholder-width: 1567px; --smush-placeholder-aspect-ratio: 1567\/1567;\" \/>\t\t<\/a>\n\t<\/div>\n<\/div>\n\t\t<div class=\"qodef-e-content\">\n\t\t\t<div class=\"qodef-e-top-holder\">\n\t\t\t\t<div class=\"qodef-e-info\">\n\t\t\t\t\t<span class=\"qodef-info-prefix\">In<\/span> <a href=\"https:\/\/gaula.mx\/en\/category\/diseno\/\" rel=\"tag\">Dise\u00f1o<\/a><div class=\"qodef-info-separator-end\"><\/div>\n<a title=\"Title Text: \" itemprop=\"dateCreated\" href=\"https:\/\/gaula.mx\/en\/2024\/04\/\" class=\"entry-date\">\n\t25\/04\/2024<\/a><div class=\"qodef-info-separator-end\"><\/div>\n\t\t\t\t<\/div>\n\t\t\t<\/div>\n\t\t\t<div class=\"qodef-e-text\">\n\t\t\t\t<h2 itemprop=\"name\" class=\"qodef-e-title entry-title\" >\n\t<a itemprop=\"url\" class=\"qodef-e-title-link\" href=\"https:\/\/gaula.mx\/en\/diseno\/8-pasos-para-disenar-el-cuarto-de-juegos-infantil-ideal\/\">\n\t\t8 Pasos para dise\u00f1ar el cuarto de juegos infantil ideal\t<\/a>\n<\/h2>\n\t\t<p itemprop=\"description\" class=\"qodef-e-excerpt\">\u00bfTe preguntas para qu\u00e9 sirve exactamente un cuarto de juegos? \u00bfDudas si deber\u00edas tener uno para tu hogar? Te contamos, el cuarto de juegos debe ser un espacio que permita al ni\u00f1o estimular su creatividad y ofrecer la libertad para jugar y aprender mientras se divierte en un ambiente c\u00f3modo y se<\/p>\n\t\t\t\t\t<\/div>\n\t\t\t<div class=\"qodef-e-bottom-holder\">\n\t\t\t\t<div class=\"qodef-e-left\">\n\t\t\t\t\t\t<div class=\"qodef-e-read-more\">\n\t\t<a class=\"qodef-shortcode qodef-m qodef-button qodef-layout--textual-large qodef-html--link\" href=\"https:\/\/gaula.mx\/en\/diseno\/8-pasos-para-disenar-el-cuarto-de-juegos-infantil-ideal\/\" target=\"_self\">\t<span class=\"qodef-m-text\">Read More\t<\/span>\t<span class=\"qodef-m-button-icon\"><svg class=\"qodef-svg--huge-button\" xmlns=\"http:\/\/www.w3.org\/2000\/svg\"     xmlns:xlink=\"http:\/\/www.w3.org\/1999\/xlink\" x=\"0px\" y=\"0px\" viewbox=\"0 0 78 78\"     style=\"enable-background:new 0 0 78 78;\" xml:space=\"preserve\"><circle cx=\"39\" cy=\"39\" r=\"32.5\"\/><line x1=\"39\" y1=\"43\" x2=\"49\" y2=\"33\"\/><polyline points=\"43.5,32.5 49.5,32.5 49.5,38.5 \"\/><\/svg><\/span><\/a>\t<\/div>\n\t\t\t\t<\/div>\n\t\t\t<\/div>\n\t\t<\/div>\n\t<\/div>\n<\/article>\n\t<\/div>\n\t\t<div class=\"qodef-m-pagination qodef--standard\">\n\t\t<div class=\"qodef-m-pagination-inner\">\n\t\t\t<nav class=\"qodef-m-pagination-items\">\n\t\t\t\t<a class=\"qodef-m-pagination-item qodef--prev qodef--hide\" href=\"#\" data-paged=\"1\">\n\t\t\t\t\t<svg class=\"qodef-svg--pagination-arrow-left\" xmlns=\"http:\/\/www.w3.org\/2000\/svg\" xmlns:xlink=\"http:\/\/www.w3.org\/1999\/xlink\" x=\"0px\" y=\"0px\" viewbox=\"0 0 28 15\" style=\"enable-background:new 0 0 28 15;\" xml:space=\"preserve\"><line x1=\"26.9\" y1=\"7.1\" x2=\"1.1\" y2=\"7.2\"\/><polyline points=\"7.4,13.6 0.9,7.2 7.4,0.7 \"\/><\/svg>\t\t\t\t<\/a>\n\t\t\t\t\t\t\t\t\t<a class=\"qodef-m-pagination-item qodef--number qodef--number-1 qodef--active qodef-prev--hidden\" href=\"#\" data-paged=\"1\"> 1<span><svg class=\"qodef-svg--circle\" xmlns=\"http:\/\/www.w3.org\/2000\/svg\" xmlns:xlink=\"http:\/\/www.w3.org\/1999\/xlink\" x=\"0px\" y=\"0px\" viewbox=\"0 0 40 40\" style=\"enable-background:new 0 0 40 40;\" xml:space=\"preserve\"><circle cx=\"20\" cy=\"20\" r=\"18.5\"\/><\/svg><\/span><\/a>\n\t\t\t\t\t\t\t\t\t\t\t\t\t\t<a class=\"qodef-m-pagination-item qodef--number qodef--number-2\" href=\"#\" data-paged=\"2\"> 2<span><svg class=\"qodef-svg--circle\" xmlns=\"http:\/\/www.w3.org\/2000\/svg\" xmlns:xlink=\"http:\/\/www.w3.org\/1999\/xlink\" x=\"0px\" y=\"0px\" viewbox=\"0 0 40 40\" style=\"enable-background:new 0 0 40 40;\" xml:space=\"preserve\"><circle cx=\"20\" cy=\"20\" r=\"18.5\"\/><\/svg><\/span><\/a>\n\t\t\t\t\t\t\t\t\t\t\t\t\t<a class=\"qodef-m-pagination-item qodef--next\" href=\"#\" data-paged=\"2\">\n\t\t\t\t\t<svg class=\"qodef-svg--pagination-arrow-right\"  xmlns=\"http:\/\/www.w3.org\/2000\/svg\" xmlns:xlink=\"http:\/\/www.w3.org\/1999\/xlink\" x=\"0px\" y=\"0px\" viewbox=\"0 0 28 15\" style=\"enable-background:new 0 0 28 15;\" xml:space=\"preserve\"><line class=\"st0\" x1=\"26.7\" y1=\"7.2\" x2=\"0.9\" y2=\"7.1\"\/><polyline class=\"st0\" points=\"20.4,0.7 26.9,7.2 20.4,13.6 \"\/><\/svg>\t\t\t\t<\/a>\n\t\t\t<\/nav>\n\t\t<\/div>\n\t<\/div>\n\t<svg class=\"qodef-svg--spinner qodef-m-pagination-spinner\" xmlns=\"http:\/\/www.w3.org\/2000\/svg\" width=\"512\" height=\"512\" viewbox=\"0 0 512 512\"><path d=\"M304 48c0 26.51-21.49 48-48 48s-48-21.49-48-48 21.49-48 48-48 48 21.49 48 48zm-48 368c-26.51 0-48 21.49-48 48s21.49 48 48 48 48-21.49 48-48-21.49-48-48-48zm208-208c-26.51 0-48 21.49-48 48s21.49 48 48 48 48-21.49 48-48-21.49-48-48-48zM96 256c0-26.51-21.49-48-48-48S0 229.49 0 256s21.49 48 48 48 48-21.49 48-48zm12.922 99.078c-26.51 0-48 21.49-48 48s21.49 48 48 48 48-21.49 48-48c0-26.509-21.491-48-48-48zm294.156 0c-26.51 0-48 21.49-48 48s21.49 48 48 48 48-21.49 48-48c0-26.509-21.49-48-48-48zM108.922 60.922c-26.51 0-48 21.49-48 48s21.49 48 48 48 48-21.49 48-48-21.491-48-48-48z\"><\/path><\/svg><\/div>\n\t\t\t\t<\/div>\n\t\t\t\t<\/div>\n\t\t\t\t\t<\/div>\n\t\t<\/div>\n\t\t\t\t\t<\/div>\n\t\t<\/section>\n\t\t\t\t<\/div>","protected":false},"excerpt":{"rendered":"<p>Artwork 13.12.2021. Neither here nor there Et sal uta udi con sete tur est, ei dolore medi o crita tem quo. La bitur omit tantur dis sentiet nam at. Tantas utroque exp tendis et mel, cu pro gra ece time am im pedit. Eum con gue iisque ut, quem wisi ira cundia estu ad. Falli [&hellip;]<\/p>","protected":false},"author":1,"featured_media":0,"parent":3303,"menu_order":0,"comment_status":"closed","ping_status":"closed","template":"","meta":{"footnotes":""},"class_list":["post-3315","page","type-page","status-publish","hentry"],"_links":{"self":[{"href":"https:\/\/gaula.mx\/en\/wp-json\/wp\/v2\/pages\/3315","targetHints":{"allow":["GET"]}}],"collection":[{"href":"https:\/\/gaula.mx\/en\/wp-json\/wp\/v2\/pages"}],"about":[{"href":"https:\/\/gaula.mx\/en\/wp-json\/wp\/v2\/types\/page"}],"author":[{"embeddable":true,"href":"https:\/\/gaula.mx\/en\/wp-json\/wp\/v2\/users\/1"}],"replies":[{"embeddable":true,"href":"https:\/\/gaula.mx\/en\/wp-json\/wp\/v2\/comments?post=3315"}],"version-history":[{"count":0,"href":"https:\/\/gaula.mx\/en\/wp-json\/wp\/v2\/pages\/3315\/revisions"}],"up":[{"embeddable":true,"href":"https:\/\/gaula.mx\/en\/wp-json\/wp\/v2\/pages\/3303"}],"wp:attachment":[{"href":"https:\/\/gaula.mx\/en\/wp-json\/wp\/v2\/media?parent=3315"}],"curies":[{"name":"wp","href":"https:\/\/api.w.org\/{rel}","templated":true}]}}